{"id":9826,"date":"2017-10-11T11:08:06","date_gmt":"2017-10-11T09:08:06","guid":{"rendered":"http:\/\/www.aula.uni-saarland.de\/?page_id=9826"},"modified":"2017-11-02T16:43:22","modified_gmt":"2017-11-02T14:43:22","slug":"ensenar","status":"publish","type":"page","link":"https:\/\/aulaalt.designladen.com\/?page_id=9826","title":{"rendered":"Ense\u00f1ar con Aula"},"content":{"rendered":"<h1>\u00a0<\/h1>\n<ul class=\"fixit aprender\">\n<li><a href=\"https:\/\/aulaalt.designladen.com\/?page_id=10123\">\u00bfPor qu\u00e9 <em>Aula<\/em>?<\/a><\/li>\n<li><a href=\"https:\/\/aulaalt.designladen.com\/?page_id=10124\">\u00bfQu\u00e9 rasgos caracterizan esta plataforma?<\/a><\/li>\n<li><a href=\"https:\/\/aulaalt.designladen.com\/?page_id=10125\">\u00bfQu\u00e9 funci\u00f3n cumplen los videotutoriales?<\/a><\/li>\n<li><a href=\"https:\/\/aulaalt.designladen.com\/?page_id=10126\">\u00bfQu\u00e9 tipo de aprendizaje se persigue con <em>Aula<\/em>?<\/a><\/li>\n<li><a href=\"https:\/\/aulaalt.designladen.com\/?page_id=10127\">\u00bfC\u00f3mo trabajar con <em>Aula<\/em> en el aula?<\/a><\/li>\n<li>[expand title=&#8220;\u00bfCu\u00e1nto queda por hacer?&#8220;]\n<p>Dadas la limitada financiaci\u00f3n con la que contamos, Aula estar\u00e1 todav\u00eda algunos semestres en construcci\u00f3n. En estos momentos no est\u00e1n activadas, por ejemplo, algunas de las funcionalidades previstas desde su dise\u00f1o, tales como registrarse para personalizar los recorridos de aprendizaje o que el sistema proponga un diagn\u00f3stico orientativo de los errores. Estamos trabajando para encontrar soluciones que permitan subsanar este tipo de limitaciones t\u00e9cnicas. Perdonad las molestias <\/p>\n<p>[\/expand]<\/li>\n<li>[expand title=&#8220;\u00bfTienes sugerencias?&#8220;]\n<p>Cont\u00e1ctanos en <a href=\"mailto:herrero@mx.uni-saarland.de\">herrero@mx.uni-saarland.de<\/a><\/p>\n<p>[\/expand]<\/li>\n<\/ul>\n<p style=\"padding-left: 30px;\"><img loading=\"lazy\" decoding=\"async\" class=\"alignnone size-full wp-image-10061\" src=\"https:\/\/aulaalt.designladen.com\/wp-content\/uploads\/2017\/10\/img01665-4.jpg\" alt=\"img01665 (4)\" width=\"2528\" height=\"1424\" srcset=\"https:\/\/aulaalt.designladen.com\/wp-content\/uploads\/2017\/10\/img01665-4.jpg 2528w, https:\/\/aulaalt.designladen.com\/wp-content\/uploads\/2017\/10\/img01665-4-300x168.jpg 300w, https:\/\/aulaalt.designladen.com\/wp-content\/uploads\/2017\/10\/img01665-4-1024x576.jpg 1024w\" sizes=\"auto, (max-width: 2528px) 100vw, 2528px\" \/><\/p>\n","protected":false},"excerpt":{"rendered":"<p>\u00a0 \u00bfPor qu\u00e9 Aula? \u00bfQu\u00e9 rasgos caracterizan esta plataforma? \u00bfQu\u00e9 funci\u00f3n cumplen los videotutoriales? \u00bfQu\u00e9 tipo de aprendizaje se persigue con Aula? \u00bfC\u00f3mo trabajar con Aula en el aula? [expand title=&#8220;\u00bfCu\u00e1nto queda por hacer?&#8220;] Dadas la limitada financiaci\u00f3n con la<span class=\"ellipsis\">&hellip;<\/span><\/p>\n<div class=\"read-more\"><a href=\"https:\/\/aulaalt.designladen.com\/?page_id=9826\">Weiterlesen \u203a<\/a><\/div>\n<p><!-- end of .read-more --><\/p>\n","protected":false},"author":2,"featured_media":0,"parent":0,"menu_order":9,"comment_status":"open","ping_status":"open","template":"unterseiten.php","meta":{"footnotes":""},"wf_page_folders":[],"class_list":["post-9826","page","type-page","status-publish","hentry"],"_links":{"self":[{"href":"https:\/\/aulaalt.designladen.com\/index.php?rest_route=\/wp\/v2\/pages\/9826","targetHints":{"allow":["GET"]}}],"collection":[{"href":"https:\/\/aulaalt.designladen.com\/index.php?rest_route=\/wp\/v2\/pages"}],"about":[{"href":"https:\/\/aulaalt.designladen.com\/index.php?rest_route=\/wp\/v2\/types\/page"}],"author":[{"embeddable":true,"href":"https:\/\/aulaalt.designladen.com\/index.php?rest_route=\/wp\/v2\/users\/2"}],"replies":[{"embeddable":true,"href":"https:\/\/aulaalt.designladen.com\/index.php?rest_route=%2Fwp%2Fv2%2Fcomments&post=9826"}],"version-history":[{"count":0,"href":"https:\/\/aulaalt.designladen.com\/index.php?rest_route=\/wp\/v2\/pages\/9826\/revisions"}],"wp:attachment":[{"href":"https:\/\/aulaalt.designladen.com\/index.php?rest_route=%2Fwp%2Fv2%2Fmedia&parent=9826"}],"wp:term":[{"taxonomy":"wf_page_folders","embeddable":true,"href":"https:\/\/aulaalt.designladen.com\/index.php?rest_route=%2Fwp%2Fv2%2Fwf_page_folders&post=9826"}],"curies":[{"name":"wp","href":"https:\/\/api.w.org\/{rel}","templated":true}]}}