{"id":9421,"date":"2017-01-20T10:44:40","date_gmt":"2017-01-20T08:44:40","guid":{"rendered":"http:\/\/www.aula.uni-saarland.de\/?page_id=9421"},"modified":"2017-10-13T12:30:26","modified_gmt":"2017-10-13T10:30:26","slug":"kontakt","status":"publish","type":"page","link":"https:\/\/aulaalt.designladen.com\/?page_id=9421","title":{"rendered":"Contacto"},"content":{"rendered":"<address>Dr. Rosario Herrero\u00a0<\/address>\n<address>FR. Sprachwissenschaft und Sprachtechnologie<\/address>\n<address>(Angewandte Sprachwissenschaft sowie \u00dcbersetzen und Dolmetschen)<\/address>\n<address>Universit\u00e4t des Saarlandes<\/address>\n<address>Campus Geb\u00e4ude A 2 2<\/address>\n<address>66123 Saarbr\u00fccken<\/address>\n<address>Tel. 0681-302 3512<\/address>\n<address><a href=\"mailto:herrero@mx.uni-saarland.de\">herrero@mx.uni-saarland.de<\/a><\/address>\n<address><a href=\"https:\/\/aulaalt.designladen.com\/wp-content\/uploads\/2017\/01\/DSC05227.jpg\"><img loading=\"lazy\" decoding=\"async\" class=\"alignleft size-medium wp-image-9434\" src=\"https:\/\/aulaalt.designladen.com\/wp-content\/uploads\/2017\/01\/DSC05227-300x200.jpg\" alt=\"DSC05227\" width=\"300\" height=\"200\" srcset=\"https:\/\/aulaalt.designladen.com\/wp-content\/uploads\/2017\/01\/DSC05227-300x200.jpg 300w, https:\/\/aulaalt.designladen.com\/wp-content\/uploads\/2017\/01\/DSC05227-1024x682.jpg 1024w\" sizes=\"auto, (max-width: 300px) 100vw, 300px\" \/><\/a><\/address>\n<address>\u00a0<\/address>\n<address>\u00a0<\/address>\n<address>\u00a0<\/address>\n<address>\u00a0<\/address>\n<address>\u00a0<\/address>\n<address>\u00a0<\/address>\n<address>\u00a0<\/address>\n<address>\u00a0<\/address>\n<address>\u00a0<\/address>\n<address>Dra. Rosario\u00a0 Herrero<\/address>\n<address>Instituto de Ciencias del Lenguaje e Ingenier\u00eda Ling\u00fc\u00edstica<\/address>\n<address>(Departamento de Ling\u00fc\u00edstica Aplicada, Traducci\u00f3n e Interpretaci\u00f3n)<\/address>\n<address>Universidad del Sarre<\/address>\n<address>Campus, Edificio A 2 2<\/address>\n<address>66123 Saarbr\u00fccken (Alemania)<\/address>\n<address>Telf. 00-34-681-302 3512<\/address>\n<address><a href=\"mailto:herrero@mx.uni-saarland.de\">herrero@mx.uni-saarland.de<\/a><\/address>\n","protected":false},"excerpt":{"rendered":"<p>Dr. Rosario Herrero\u00a0 FR. Sprachwissenschaft und Sprachtechnologie (Angewandte Sprachwissenschaft sowie \u00dcbersetzen und Dolmetschen) Universit\u00e4t des Saarlandes Campus Geb\u00e4ude A 2 2 66123 Saarbr\u00fccken Tel. 0681-302 3512 herrero@mx.uni-saarland.de \u00a0 \u00a0 \u00a0 \u00a0 \u00a0 \u00a0 \u00a0 \u00a0 \u00a0 Dra. Rosario\u00a0 Herrero Instituto<span class=\"ellipsis\">&hellip;<\/span><\/p>\n<div class=\"read-more\"><a href=\"https:\/\/aulaalt.designladen.com\/?page_id=9421\">Weiterlesen \u203a<\/a><\/div>\n<p><!-- end of .read-more --><\/p>\n","protected":false},"author":1,"featured_media":9435,"parent":0,"menu_order":19,"comment_status":"open","ping_status":"open","template":"unterseiten.php","meta":{"footnotes":""},"wf_page_folders":[],"class_list":["post-9421","page","type-page","status-publish","has-post-thumbnail","hentry"],"_links":{"self":[{"href":"https:\/\/aulaalt.designladen.com\/index.php?rest_route=\/wp\/v2\/pages\/9421","targetHints":{"allow":["GET"]}}],"collection":[{"href":"https:\/\/aulaalt.designladen.com\/index.php?rest_route=\/wp\/v2\/pages"}],"about":[{"href":"https:\/\/aulaalt.designladen.com\/index.php?rest_route=\/wp\/v2\/types\/page"}],"author":[{"embeddable":true,"href":"https:\/\/aulaalt.designladen.com\/index.php?rest_route=\/wp\/v2\/users\/1"}],"replies":[{"embeddable":true,"href":"https:\/\/aulaalt.designladen.com\/index.php?rest_route=%2Fwp%2Fv2%2Fcomments&post=9421"}],"version-history":[{"count":0,"href":"https:\/\/aulaalt.designladen.com\/index.php?rest_route=\/wp\/v2\/pages\/9421\/revisions"}],"wp:featuredmedia":[{"embeddable":true,"href":"https:\/\/aulaalt.designladen.com\/index.php?rest_route=\/wp\/v2\/media\/9435"}],"wp:attachment":[{"href":"https:\/\/aulaalt.designladen.com\/index.php?rest_route=%2Fwp%2Fv2%2Fmedia&parent=9421"}],"wp:term":[{"taxonomy":"wf_page_folders","embeddable":true,"href":"https:\/\/aulaalt.designladen.com\/index.php?rest_route=%2Fwp%2Fv2%2Fwf_page_folders&post=9421"}],"curies":[{"name":"wp","href":"https:\/\/api.w.org\/{rel}","templated":true}]}}