{"id":265,"date":"2013-03-19T13:13:41","date_gmt":"2013-03-19T11:13:41","guid":{"rendered":"http:\/\/lnv-91167.sb.dfki.de\/spanish_online\/?page_id=265"},"modified":"2017-11-03T19:57:04","modified_gmt":"2017-11-03T17:57:04","slug":"links","status":"publish","type":"page","link":"https:\/\/aulaalt.designladen.com\/?page_id=265","title":{"rendered":"Enlaces de inter\u00e9s"},"content":{"rendered":"<p><!--:de--><\/p>\n<h5 style=\"width: 648px; height: 48px; line-height: 48px; background: none repeat scroll 0% 0% #bdcfe7;\"><span style=\"color: #000000;\">\u00a0 \u00a0\u00a0Diccionarios<\/span><\/h5>\n<p style=\"width: 264px; height: 32px; line-height: 32px; background: none repeat scroll 0% 0% #dee3f7;\"><span style=\"color: #333333;\">\u00a0\u00a0Biling\u00fces<\/span><\/p>\n<p><a href=\"http:\/\/es.bab.la\/diccionario\/aleman-espanol\/\" target=\"_blank\">BAB.LA<\/a>: Incorpora las sugerencias de los usuarios y traducciones en contexto. <a href=\"http:\/\/dix.osola.com\/\" target=\"_blank\">DIX<\/a>: Diccionario general con un interesante foro. <a href=\"http:\/\/iate.europa.eu\" target=\"_blank\">IATE (Inter Active Terminology for Europe)<\/a>: Base de datos terminol\u00f3gicos de las instituticiones europeas, a veces con indicaci\u00f3n de datos de inter\u00e9s como la fuente, el contexto del que ha sido extra\u00eddo o el grado de fiabilidad. <a href=\"http:\/\/dict.leo.org\/esde\/index_de.html\" target=\"_blank\">LEO<\/a>: Diccionario multilingue donde se indica la pronunciaci\u00f3n de los t\u00e9rminos. <a href=\"http:\/\/linguee.de\" target=\"_blank\">LINGUEE<\/a>: Diccionario con traducciones directas. Se basa en traducciones de contenidos en la web a veces poco profesionales. <a href=\"http:\/\/www.pons.de\" target=\"_blank\">PONS<\/a>: versi\u00f3n reducida del diccionario oficial.<\/p>\n<p style=\"width: 264px; height: 32px; line-height: 32px; background: none repeat scroll 0% 0% #dee3f7;\"><span style=\"color: #333333;\">\u00a0 \u00a0Monoling\u00fces<\/span><\/p>\n<p><a href=\"http:\/\/www.elmundo.es\/diccionarios\/\" target=\"_blank\">EL MUNDO<\/a>: diccionario del espa\u00f1ol, de sin\u00f3nimos\/ ant\u00f3nimos, de medicina etc. <a href=\"http:\/\/www.wordreference.com\" target=\"_blank\">ESPASA-CALPE<\/a>: diccionario del espa\u00f1ol y otras informaciones l\u00e9xicas utiles. Incluye pronunciaci\u00f3n de las palabras. <a href=\"http:\/\/www.thefreedictionary.com\/\" target=\"_blank\">FREE DICTIONARY<\/a>: portal de diccionarios monoling\u00fces. <a href=\"http:\/\/www.rae.es\" target=\"_blank\">REAL ACADEMIA ESPA\u00d1OLA<\/a>: Diccionario de la Lengua Espa\u00f1ola y el Diccionario Panhisp\u00e1nico de Dudas.<\/p>\n<h5 style=\"width: 648px; height: 48px; line-height: 48px; background: none repeat scroll 0% 0% #bdcfe7;\"><span style=\"color: #000000;\">\u00a0 \u00a0\u00a0Recursos para aprender espa\u00f1ol<\/span><\/h5>\n<p style=\"width: 264px; height: 32px; line-height: 32px; background: none repeat scroll 0% 0% #dee3f7;\"><span style=\"color: #333333;\">\u00a0 \u00a0Gram\u00e1tica y ortograf\u00eda<\/span><\/p>\n<p><a href=\"http:\/\/www.bowdoin.edu\/~eyepes\/newgr\/index.html\" target=\"_blank\">BOWDOIN<\/a>: teor\u00eda y ejercicios de gram\u00e1tica (ingl\u00e9s-espa\u00f1ol). <a href=\"http:\/\/www.educa.jcyl.es\/educacyl\/cm\/gallery\/Recursos%20Infinity\/aplicaciones\/lengua\/popup_fullscreen.htm\" target=\"_blank\">JUNTA DE CASTILLA Y LE\u00d3N<\/a>: teor\u00eda y ejercicios interactivos para alumnos. <a href=\"http:\/\/www.aplicaciones.info\/ortogra\/ortogra.htm\" target=\"_blank\">ORTOGRAF\u00cdA INTERACTIVA<\/a>: todas las letras, hom\u00f3fonas, frases, acentos, signos de puntuaci\u00f3n etc. <a href=\"http:\/\/www.rae.es\/obras-academicas\/diccionarios\/diccionario-panhispanico-de-dudas\" target=\"_blank\">RAE<\/a>: Respuestas a preguntas frecuentes acerca de dudas que tienen los hablantes sobre el uso correcto del espa\u00f1ol. <a href=\"http:\/\/www.studyspanish.com\/tutorial.htm\" target=\"_blank\">STUDY SPANISH<\/a>: gram\u00e1tica en nueve lecciones con ejercicios, pruebas y un juego de preguntas. <a href=\"http:\/\/www.trentu.ca\/academic\/modernlanguages\/spanish\/masarriba\/\" target=\"_blank\">TRENTU<\/a>: ejercicios con audio y dibujos. <a href=\"http:\/\/www.laits.utexas.edu\/spe\/index.html\" target=\"_blank\">UNIVERSIDAD DE TEXAS (Austin)<\/a>: teor\u00eda de la gram\u00e1tica en relaci\u00f3n a situaciones y temas diarios. <a href=\"http:\/\/www.ver-taal.com\/gramatica.htm\" target=\"_blank\">VER-TAAL<\/a>: gram\u00e1tica con ejercicios (tres niveles).<\/p>\n<p style=\"width: 264px; height: 32px; line-height: 32px; background: none repeat scroll 0% 0% #dee3f7;\"><span style=\"color: #333333;\">\u00a0 \u00a0Conjugadores de verbos<\/span><\/p>\n<p><a href=\"http:\/\/www.idiomax.com\/es\/online-verb-conjugation.aspx\" target=\"_blank\">IDIOMAX<\/a>: conjugador de verbos en 5 idiomas. <a href=\"http:\/\/www6.uniovi.es\/dic\/tabverb.cgi\" target=\"_blank\">UNIVERSIDAD OVIEDO<\/a>: conjugador de verbos y enlaces a otros diccionarios interesantes. <a href=\"http:\/\/www.verbix.com\/languages\/\" target=\"_blank\">VERBIX<\/a>: conjugador de verbos y puzle de verbos. <a href=\"http:\/\/www.verbolog.com\/conjuga.htm\" target=\"_blank\">VERBOLOG<\/a>: 101 modelos de flexi\u00f3n y acentuaci\u00f3n del Instituto de Verbolog\u00eda Hispana. <a href=\"http:\/\/www.wordreference.com\" target=\"_blank\">WORD REFERENCE<\/a>: conjugador de verbos, su definici\u00f3n y pronunciaci\u00f3n.<\/p>\n<p style=\"width: 264px; height: 32px; line-height: 32px; background: none repeat scroll 0% 0% #dee3f7;\"><span style=\"color: #333333;\">\u00a0 \u00a0Fon\u00e9tica y pronunciaci\u00f3n<\/span><\/p>\n<p><a href=\"http:\/\/www.redmolinos.com\/hablar_espanol\/index.html\" target=\"_blank\">REDMOLINOS<\/a>: la fon\u00e9tica espa\u00f1ola y trabalenguas. <a href=\"http:\/\/www.spanisch-live.de\/category\/podcast\/aussprache\/\" target=\"_blank\">SPANISCH-LIVE<\/a>: teor\u00eda de la pronunciaci\u00f3n, con ejemplos para escuchar. <a href=\"http:\/\/www.studyspanish.com\/pronunciation\/\" target=\"_blank\">STUDY SPANISH<\/a>: la pronunciaci\u00f3n con ejercicios para escuchar.<\/p>\n<p style=\"width: 264px; height: 32px; line-height: 32px; background: none repeat scroll 0% 0% #dee3f7;\"><span style=\"color: #333333;\">\u00a0 \u00a0Vocabulario<\/span><\/p>\n<p><a href=\"http:\/\/www.redmolinos.com\/vocabulario\/index.html\" target=\"_blank\">REDMOLINOS<\/a>: p\u00e1gina para el aprendizaje del vocabulario con textos y canciones. <a href=\"http:\/\/www.studyspanish.com\/vocab\/\" target=\"_blank\">STUDY SPANISH<\/a>: vocabulario com\u00fan con audio, ejercicios, pruebas, etc. <a href=\"http:\/\/www.laits.utexas.edu\/spe\/index.html\" target=\"_blank\">UNIVERSIDAD DE TEXAS (Austin)<\/a>: v\u00eddeos con los textos, listas de vocabulario y frases relacionadas. <a href=\"http:\/\/www.ver-taal.com\/vocabulario.htm\" target=\"_blank\">VER-TAAL<\/a>: vocabulario tem\u00e1tico con audio, problemas lexicales, crucigramas, refranes etc.<\/p>\n<p style=\"width: 264px; height: 32px; line-height: 32px; background: none repeat scroll 0% 0% #dee3f7;\"><span style=\"color: #333333;\">\u00a0\u00a0Comprensi\u00f3n auditiva y lectora<\/span><\/p>\n<p><a href=\"http:\/\/www.aplicaciones.info\/redaccion\/redaccion.htm\" target=\"_blank\">REDACCI\u00d3N INTERACTIVA<\/a>: minitextos con preguntas. <a href=\"http:\/\/www.spanisch-live.de\/category\/spanisch-schnupperkurs\/\" target=\"_blank\">SPANISCH-LIVE<\/a>: peque\u00f1os textos para escuchar, leer y hacer ejercicios. <a href=\"http:\/\/videoele.com\/index.html\" target=\"_blank\">V\u00eddeos para aprender espa\u00f1ol en los niveles A1, A2, B1, B2<\/a>. <a href=\"http:\/\/www.ver-taal.com\/anuncios.htm, http:\/\/www.ver-taal.com\/telediario.htm, http:\/\/www.ver-taal.com\/trailers.htm\" target=\"_blank\">VER-TAAL<\/a>: comprensi\u00f3n auditiva con anuncios publicitarios, reportajes y trailers.<\/p>\n<p style=\"width: 264px; height: 32px; line-height: 32px; background: none repeat scroll 0% 0% #dee3f7;\"><span style=\"color: #333333;\">\u00a0\u00a0 Otros recursos<\/span><\/p>\n<p><a href=\"http:\/\/corpus.rae.es\/creanet.html\" target=\"_blank\">CREA<\/a> (Corpus de Referencia del Espa\u00f1ol Actual): Base de datos donde se almacenan textos de diversa procedencia. Permite hacer b\u00fasquedas de palabras para ver los diversos contextos de uso. Para mostrar los ejemplos, hacer click en \u201crecuperar\u201d. <a href=\"http:\/\/www.fundeu.es\/\" target=\"_blank\">FUNDEU<\/a>: P\u00e1gina de la Fundaci\u00f3n del Espa\u00f1ol Urgente para impulsar el buen uso del espa\u00f1ol. Incluye recomendaciones, noticias, recursos y una secci\u00f3n para hacer consultas. <a href=\"http:\/\/www.aulafacil.com\" target=\"_blank\">AULA F\u00c1CIL<\/a>: Cursos online gratuitos (de idiomas, de cocina, de manualidades, etc.) . <a href=\"www.youtube.com\" target=\"_blank\">EXTRA<\/a>: Serie en espa\u00f1ol (tambi\u00e9n disponible en otros idiomas) www.youtube.com escribir como palabra clave \u201cExtra aprender espa\u00f1ol\u201d.<\/p>\n<h5 style=\"width: 648px; height: 48px; line-height: 48px; background: none repeat scroll 0% 0% #bdcfe7;\"><span style=\"color: #000000;\">\u00a0 \u00a0\u00a0Medios de informaci\u00f3n<\/span><\/h5>\n<p style=\"width: 264px; height: 32px; line-height: 32px; background: none repeat scroll 0% 0% #dee3f7;\"><span style=\"color: #333333;\">\u00a0 \u00a0Prensa<\/span><\/p>\n<p><a href=\"http:\/\/www.abc.es\/\" target=\"_blank\">ABC<\/a>. <a href=\"http:\/\/www.elmundo.es\/\" target=\"_blank\">EL MUNDO<\/a>. <a href=\"http:\/\/www.elpais.com\" target=\"_blank\">EL PA\u00cdS<\/a>. <a href=\"http:\/\/www.veintemundos.com\" target=\"_blank\">VEINTE MUNDOS<\/a>: revista concebida para el aprendizaje del espa\u00f1ol.<\/p>\n<p style=\"width: 264px; height: 32px; line-height: 32px; background: none repeat scroll 0% 0% #dee3f7;\"><span style=\"color: #333333;\">\u00a0\u00a0 Radio<\/span><\/p>\n<p><a href=\"http:\/\/www.antena3.com\/\" target=\"_blank\">ANTENA 3<\/a>. <a href=\"http:\/\/www.cadenaser.com\/\" target=\"_blank\">CADENA SER<\/a>. <a href=\"http:\/\/www.ondacero.es\/\" target=\"_blank\">ONDA CERO RADIO<\/a>. <a href=\"http:\/\/www.fundacionlengua.com\/radiofle\/\" target=\"_blank\">RADIO FLE<\/a>: diversos programas, tambi\u00e9n para el aprendizaje del espa\u00f1ol. <a href=\"http:\/\/www.rtve.es\/radio\/\" target=\"_blank\">RADIO NACIONAL DE ESPA\u00d1A (RTVE)<\/a>.<\/p>\n<p style=\"width: 264px; height: 32px; line-height: 32px; background: none repeat scroll 0% 0% #dee3f7;\"><span style=\"color: #333333;\">\u00a0\u00a0 Televisi\u00f3n<\/span><\/p>\n<p><a href=\"http:\/\/www.atresmedia.com\/\" target=\"_blank\">ATRESMEDIA<\/a>: Corporaci\u00f3n de medios de comunicaci\u00f3n que incluye, entre otros Antena 3 y La Sexta. <a href=\"http:\/\/www.rtve.es\/noticias\/directo\/canal-24h\/\" target=\"_blank\">CANAL 24h<\/a>: noticias en directo (RTVE). <a href=\"http:\/\/www.lasexta.com\/\" target=\"_blank\">LA SEXTA<\/a>. <a href=\"http:\/\/www.mitele.es\/\" target=\"_blank\">TELECINCO<\/a>. <a href=\"http:\/\/www.rtve.es\/alacarta\/\" target=\"_blank\">RTVE a la carta<\/a>.<\/p>\n<h5 style=\"width: 648px; height: 48px; line-height: 48px; background: none repeat scroll 0% 0% #bdcfe7;\"><span style=\"color: #000000;\">\u00a0 \u00a0Viajes<\/span><\/h5>\n<p><a href=\"http:\/\/alparaiso.com\/\" target=\"_blank\">AL PARA\u00cdSO<\/a>: Revista en alem\u00e1n y espa\u00f1ol sobre destinos tur\u00edsticos. <a href=\"http:\/\/www.dondeviajamos.com\/\" target=\"_blank\">DONDE VIAJAMOS<\/a>: P\u00e1gina web con rutas y destinos en Espa\u00f1a. <a href=\"http:\/\/www.red2000.com\/spain\/1t-map.html\" target=\"_blank\">RED2000<\/a>: P\u00e1gina web que informa sobre las ciudades m\u00e1s interesantes en Espa\u00f1a, con fotos, tours y todo relacionado con viajes por Espa\u00f1a. <a href=\"http:\/\/www.ver-taal.com\/cultura.htm\" target=\"_blank\">VER-TAAL<\/a>: Fragmentos de documentales y v\u00eddeos promocionales.<\/p>\n<p><!--:--><!--:es--><\/p>\n<h5 style=\"width: 648px; height: 48px; line-height: 48px; background: none repeat scroll 0% 0% #bdcfe7;\"><span style=\"color: #000000;\">\u00a0\u00a0\u00a0 Diccionarios<\/span><\/h5>\n<p style=\"width: 264px; height: 32px; line-height: 32px; background: none repeat scroll 0% 0% #dee3f7;\">\u00a0\u00a0 <span style=\"color: #333333;\">Diccionarios biling\u00fces<\/span><\/p>\n<p><a href=\"http:\/\/es.bab.la\/diccionario\/aleman-espanol\/\" target=\"_blank\">BAB.LA<\/a>: Incorpora las sugerencias de los usuarios y traducciones en contexto. <a href=\"http:\/\/dix.osola.com\/\" target=\"_blank\">DIX<\/a>: Diccionario general con un interesante foro. <a href=\"iate.europa.eu\" target=\"_blank\">IATE (Inter Active Terminology for Europe)<\/a>: Base de datos terminol\u00f3gicos de las instituticiones europeas, a veces con indicaci\u00f3n de datos de inter\u00e9s como la fuente, el contexto del que ha sido extra\u00eddo o el grado de fiabilidad. <a href=\"http:\/\/dict.leo.org\/esde\/index_de.html\" target=\"_blank\">LEO<\/a>: Diccionario multilingue donde se indica la pronunciaci\u00f3n de los t\u00e9rminos. <a href=\"www.linguee.de\" target=\"_blank\">LINGUEE<\/a>: Diccionario con traducciones directas. Se basa en traducciones de contenidos en la web a veces poco profesionales. <a href=\"http:\/\/www.pons.de\" target=\"_blank\">PONS<\/a>: versi\u00f3n reducida del diccionario oficial.<\/p>\n<p style=\"width: 264px; height: 32px; line-height: 32px; background: none repeat scroll 0% 0% #dee3f7;\">\u00a0\u00a0 <span style=\"color: #333333;\">Diccionarios monoling\u00fces de espa\u00f1ol<\/span><\/p>\n<p><a href=\"http:\/\/www.elmundo.es\/diccionarios\/\" target=\"_blank\">EL MUNDO<\/a>: diccionario del espa\u00f1ol, de sin\u00f3nimos\/ ant\u00f3nimos, de medicina etc. <a href=\"http:\/\/www.wordreference.com\" target=\"_blank\">ESPASA-CALPE<\/a>: diccionario del espa\u00f1ol y otras informaciones l\u00e9xicas utiles. Incluye pronunciaci\u00f3n de las palabras. <a href=\"http:\/\/www.thefreedictionary.com\/\" target=\"_blank\">FREE DICTIONARY<\/a>: portal de diccionarios monoling\u00fces. <a href=\"http:\/\/www.rae.es\" target=\"_blank\">REAL ACADEMIA ESPA\u00d1OLA<\/a>: Diccionario de la Lengua Espa\u00f1ola y el Diccionario Panhisp\u00e1nico de Dudas.<\/p>\n<h5 style=\"width: 648px; height: 48px; line-height: 48px; background: none repeat scroll 0% 0% #bdcfe7;\"><span style=\"color: #000000;\">\u00a0\u00a0\u00a0 Recursos para aprender espa\u00f1ol<\/span><\/h5>\n<p style=\"width: 264px; height: 32px; line-height: 32px; background: none repeat scroll 0% 0% #dee3f7;\"><span style=\"color: #333333;\">\u00a0\u00a0 Gram\u00e1tica y ortograf\u00eda<\/span><\/p>\n<p><a href=\"http:\/\/www.bowdoin.edu\/~eyepes\/newgr\/index.html\" target=\"_blank\">BOWDOIN<\/a>: teor\u00eda y ejercicios de gram\u00e1tica (ingl\u00e9s-espa\u00f1ol) <a href=\"http:\/\/www.educa.jcyl.es\/educacyl\/cm\/gallery\/Recursos%20Infinity\/aplicaciones\/lengua\/popup_fullscreen.htm\" target=\"_blank\">JUNTA DE CASTILLA Y LE\u00d3N<\/a>: teor\u00eda y ejercicios interactivos para alumnos. <a href=\"http:\/\/www.aplicaciones.info\/ortogra\/ortogra.htm\" target=\"_blank\">ORTOGRAF\u00cdA INTERACTIVA<\/a>: todas las letras, hom\u00f3fonas, frases, acentos, signos de puntuaci\u00f3n etc. <a href=\"http:\/\/www.rae.es\/obras-academicas\/diccionarios\/diccionario-panhispanico-de-dudas\" target=\"_blank\">RAE<\/a>: Respuestas a preguntas frecuentes acerca de dudas que tienen los hablantes sobre el uso correcto del espa\u00f1ol. <a href=\"http:\/\/www.studyspanish.com\/tutorial.htm\" target=\"_blank\">STUDY SPANISH<\/a>: gram\u00e1tica en nueve lecciones con ejercicios, pruebas y un juego de preguntas. <a href=\"http:\/\/www.trentu.ca\/academic\/modernlanguages\/spanish\/masarriba\/\" target=\"_blank\">TRENTU<\/a>: ejercicios con audio y dibujos. <a href=\"http:\/\/www.laits.utexas.edu\/spe\/index.html\" target=\"_blank\">UNIVERSIDAD DE TEXAS (Austin)<\/a>: teor\u00eda de la gram\u00e1tica en relaci\u00f3n a situaciones y temas diarios. <a href=\"http:\/\/www.ver-taal.com\/gramatica.htm\" target=\"_blank\">VER-TAAL<\/a>: gram\u00e1tica con ejercicios (tres niveles).<\/p>\n<p style=\"width: 264px; height: 32px; line-height: 32px; background: none repeat scroll 0% 0% #dee3f7;\"><span style=\"color: #333333;\">\u00a0\u00a0 Conjugadores de verbos<\/span><\/p>\n<p><a href=\"http:\/\/www.idiomax.com\/es\/online-verb-conjugation.aspx\" target=\"_blank\">IDIOMAX<\/a>: conjugador de verbos en 5 idiomas. <a href=\"http:\/\/www6.uniovi.es\/dic\/tabverb.cgi\" target=\"_blank\">UNIVERSIDAD OVIEDO<\/a>: conjugador de verbos y enlaces a otros diccionarios interesantes. <a href=\"http:\/\/www.verbix.com\/languages\/\" target=\"_blank\">VERBIX<\/a>: conjugador de verbos y puzle de verbos. <a href=\"http:\/\/www.verbolog.com\/conjuga.htm\" target=\"_blank\">VERBOLOG<\/a>: 101 modelos de flexi\u00f3n y acentuaci\u00f3n del Instituto de Verbolog\u00eda Hispana. <a href=\"http:\/\/www.wordreference.com\" target=\"_blank\">WORD REFERENCE<\/a>: conjugador de verbos, su definici\u00f3n y pronunciaci\u00f3n.<\/p>\n<p style=\"width: 264px; height: 32px; line-height: 32px; background: none repeat scroll 0% 0% #dee3f7;\"><span style=\"color: #333333;\">\u00a0\u00a0 Fon\u00e9tica y pronunciaci\u00f3n<\/span><\/p>\n<p><a href=\"http:\/\/www.redmolinos.com\/hablar_espanol\/index.html\" target=\"_blank\">REDMOLINOS<\/a>: la fon\u00e9tica espa\u00f1ola y trabalenguas. <a href=\"http:\/\/www.spanisch-live.de\/category\/podcast\/aussprache\/\" target=\"_blank\">SPANISCH-LIVE<\/a>: teor\u00eda de la pronunciaci\u00f3n, con ejemplos para escuchar. <a href=\"http:\/\/www.studyspanish.com\/pronunciation\/\" target=\"_blank\">STUDY SPANISH<\/a>: la pronunciaci\u00f3n con ejercicios para escuchar.<\/p>\n<p style=\"width: 264px; height: 32px; line-height: 32px; background: none repeat scroll 0% 0% #dee3f7;\"><span style=\"color: #333333;\">\u00a0\u00a0 Vocabulario<\/span><\/p>\n<p><a href=\"http:\/\/www.redmolinos.com\/vocabulario\/index.html\" target=\"_blank\">REDMOLINOS<\/a>: p\u00e1gina para el aprendizaje del vocabulario con textos y canciones. <a href=\"http:\/\/www.studyspanish.com\/vocab\/\" target=\"_blank\">STUDY SPANISH<\/a>: vocabulario com\u00fan con audio, ejercicios, pruebas, etc. <a href=\"http:\/\/www.laits.utexas.edu\/spe\/index.html\" target=\"_blank\">UNIVERSIDAD DE TEXAS (Austin)<\/a>: v\u00eddeos con los textos, listas de vocabulario y frases relacionadas. <a href=\"http:\/\/www.ver-taal.com\/vocabulario.htm\" target=\"_blank\">VER-TAAL<\/a>: vocabulario tem\u00e1tico con audio, problemas lexicales, crucigramas, refranes etc.<\/p>\n<p style=\"width: 264px; height: 32px; line-height: 32px; background: none repeat scroll 0% 0% #dee3f7;\"><span style=\"color: #333333;\">\u00a0\u00a0 Comprensi\u00f3n auditiva y lectora<\/span><\/p>\n<p><a href=\"http:\/\/www.aplicaciones.info\/redaccion\/redaccion.htm\" target=\"_blank\">REDACCI\u00d3N INTERACTIVA<\/a>: minitextos con preguntas. <a href=\"http:\/\/www.spanisch-live.de\/category\/spanisch-schnupperkurs\/\" target=\"_blank\">SPANISCH-LIVE<\/a>: peque\u00f1os textos para escuchar, leer y hacer ejercicios. <a href=\"http:\/\/videoele.com\/index.html\" target=\"_blank\">V\u00eddeos para aprender espa\u00f1ol en los niveles A1, A2, B1, B2<\/a>. <a href=\"http:\/\/www.ver-taal.com\/anuncios.htm, http:\/\/www.ver-taal.com\/telediario.htm, http:\/\/www.ver-taal.com\/trailers.htm\" target=\"_blank\">VER-TAAL<\/a>: comprensi\u00f3n auditiva con anuncios publicitarios, reportajes y trailers.<\/p>\n<p style=\"width: 264px; height: 32px; line-height: 32px; background: none repeat scroll 0% 0% #dee3f7;\"><span style=\"color: #333333;\">\u00a0\u00a0 Otros recursos<\/span><\/p>\n<p><a href=\"http:\/\/corpus.rae.es\/creanet.html\" target=\"_blank\">CREA<\/a> (Corpus de Referencia del Espa\u00f1ol Actual): Base de datos donde se almacenan textos de diversa procedencia. Permite hacer b\u00fasquedas de palabras para ver los diversos contextos de uso. Para mostrar los ejemplos, hacer click en \u201crecuperar\u201d. <a href=\"www.fundeu.es\" target=\"_blank\">CURFUNDEU<\/a>: P\u00e1gina de la Fundaci\u00f3n del Espa\u00f1ol Urgente para impulsar el buen uso del espa\u00f1ol. Incluye recomendaciones, noticias, recursos y una secci\u00f3n para hacer consultas. <a href=\"http:\/\/www.aulafacil.com\/cursos\/c28\/cocina\" target=\"_blank\">CURSO DE COCINA<\/a>. <a href=\"www.youtube.com\" target=\"_blank\">EXTRA<\/a>: Serie en espa\u00f1ol (tambi\u00e9n disponible en otros idiomas) www.youtube.com escribir como palabra clave \u201cExtra aprender espa\u00f1ol\u201d.<\/p>\n<h5 style=\"width: 648px; height: 48px; line-height: 48px; background: none repeat scroll 0% 0% #bdcfe7;\"><span style=\"color: #000000;\">\u00a0\u00a0\u00a0 Medios de comunicaci\u00f3n<\/span><\/h5>\n<p style=\"width: 264px; height: 32px; line-height: 32px; background: none repeat scroll 0% 0% #dee3f7;\"><span style=\"color: #333333;\">\u00a0\u00a0 Revistas y peri\u00f3dicos<\/span><\/p>\n<p><a href=\"http:\/\/www.abc.es\/\" target=\"_blank\">ABC<\/a>. <a href=\"www.elmundo.com\" target=\"_blank\">EL MUNDO<\/a>. <a href=\"www.elpais.com\" target=\"_blank\">EL PA\u00cdS<\/a>. <a href=\"http:\/\/www.veintemundos.com\" target=\"_blank\">VEINTE MUNDOS<\/a>: revista concebida para el aprendizaje del espa\u00f1ol.<\/p>\n<p style=\"width: 264px; height: 32px; line-height: 32px; background: none repeat scroll 0% 0% #dee3f7;\"><span style=\"color: #333333;\">\u00a0\u00a0 Radio<\/span><\/p>\n<p><a href=\"http:\/\/www.antena3.com\/\" target=\"_blank\">ANTENA 3<\/a>. <a href=\"http:\/\/www.cadenaser.com\/\" target=\"_blank\">CADENA SER<\/a>. <a href=\"http:\/\/www.ondacero.es\/\" target=\"_blank\">ONDA CERO RADIO<\/a>. <a href=\"http:\/\/www.fundacionlengua.com\/radiofle\/\" target=\"_blank\">RADIO FLE<\/a>: diversos programas, tambi\u00e9n para el aprendizaje del espa\u00f1ol. <a href=\"http:\/\/www.rtve.es\/radio\/\" target=\"_blank\">RADIO NACIONAL DE ESPA\u00d1A (RTVE)<\/a>.<\/p>\n<p style=\"width: 264px; height: 32px; line-height: 32px; background: none repeat scroll 0% 0% #dee3f7;\"><span style=\"color: #333333;\">\u00a0\u00a0 Televisi\u00f3n<\/span><\/p>\n<p><a href=\"http:\/\/www.atresmedia.com\/\" target=\"_blank\">ATRESMEDIA<\/a>: Corporaci\u00f3n de medios de comunicaci\u00f3n que incluye, entre otros Antena 3 y La Sexta. <a href=\"http:\/\/www.rtve.es\/noticias\/directo\/canal-24h\/\" target=\"_blank\">CANAL 24h<\/a>: noticias en directo (RTVE). <a href=\"http:\/\/www.lasexta.com\/\" target=\"_blank\">LA SEXTA<\/a>. <a href=\"http:\/\/www.mitele.es\/\" target=\"_blank\">TELECINCO<\/a>. <a href=\"http:\/\/www.rtve.es\/alacarta\/\" target=\"_blank\">RTVE a la carta<\/a>.<\/p>\n<h5 style=\"width: 648px; height: 48px; line-height: 48px; background: none repeat scroll 0% 0% #bdcfe7;\"><span style=\"color: #000000;\">\u00a0\u00a0\u00a0 Viajar por Espa\u00f1a<\/span><\/h5>\n<p><a href=\"http:\/\/alparaiso.com\/\" target=\"_blank\">AL PARA\u00cdSO<\/a>: Revista en alem\u00e1n y espa\u00f1ol sobre destinos tur\u00edsticos. <a href=\"http:\/\/www.dondeviajamos.com\/\" target=\"_blank\">DONDE VIAJAMOS<\/a>: P\u00e1gina web con rutas y destinos en Espa\u00f1a. <a href=\"http:\/\/www.red2000.com\/spain\/1t-map.html\" target=\"_blank\">RED2000<\/a>: P\u00e1gina web que informa sobre las ciudades m\u00e1s interesantes en Espa\u00f1a, con fotos, tours y todo relacionado con viajes por Espa\u00f1a. <a href=\"http:\/\/www.ver-taal.com\/cultura.htm\" target=\"_blank\">VER-TAAL<\/a>: Fragmentos de documentales y v\u00eddeos promocionales.<\/p>\n<p><!--:--><\/p>\n","protected":false},"excerpt":{"rendered":"<p>\u00a0 \u00a0\u00a0Diccionarios \u00a0\u00a0Biling\u00fces BAB.LA: Incorpora las sugerencias de los usuarios y traducciones en contexto. DIX: Diccionario general con un interesante foro. IATE (Inter Active Terminology for Europe): Base de datos terminol\u00f3gicos de las instituticiones europeas, a veces con indicaci\u00f3n de<span class=\"ellipsis\">&hellip;<\/span><\/p>\n<div class=\"read-more\"><a href=\"https:\/\/aulaalt.designladen.com\/?page_id=265\">Weiterlesen \u203a<\/a><\/div>\n<p><!-- end of .read-more --><\/p>\n","protected":false},"author":1,"featured_media":0,"parent":0,"menu_order":13,"comment_status":"closed","ping_status":"closed","template":"unterseiten.php","meta":{"footnotes":""},"wf_page_folders":[],"class_list":["post-265","page","type-page","status-publish","hentry"],"_links":{"self":[{"href":"https:\/\/aulaalt.designladen.com\/index.php?rest_route=\/wp\/v2\/pages\/265","targetHints":{"allow":["GET"]}}],"collection":[{"href":"https:\/\/aulaalt.designladen.com\/index.php?rest_route=\/wp\/v2\/pages"}],"about":[{"href":"https:\/\/aulaalt.designladen.com\/index.php?rest_route=\/wp\/v2\/types\/page"}],"author":[{"embeddable":true,"href":"https:\/\/aulaalt.designladen.com\/index.php?rest_route=\/wp\/v2\/users\/1"}],"replies":[{"embeddable":true,"href":"https:\/\/aulaalt.designladen.com\/index.php?rest_route=%2Fwp%2Fv2%2Fcomments&post=265"}],"version-history":[{"count":0,"href":"https:\/\/aulaalt.designladen.com\/index.php?rest_route=\/wp\/v2\/pages\/265\/revisions"}],"wp:attachment":[{"href":"https:\/\/aulaalt.designladen.com\/index.php?rest_route=%2Fwp%2Fv2%2Fmedia&parent=265"}],"wp:term":[{"taxonomy":"wf_page_folders","embeddable":true,"href":"https:\/\/aulaalt.designladen.com\/index.php?rest_route=%2Fwp%2Fv2%2Fwf_page_folders&post=265"}],"curies":[{"name":"wp","href":"https:\/\/api.w.org\/{rel}","templated":true}]}}