{"id":10127,"date":"2017-11-02T16:34:37","date_gmt":"2017-11-02T14:34:37","guid":{"rendered":"http:\/\/www.aula.uni-saarland.de\/?page_id=10127"},"modified":"2017-11-02T16:34:37","modified_gmt":"2017-11-02T14:34:37","slug":"como-trabajar-con-aula-en-el-aula","status":"publish","type":"page","link":"https:\/\/aulaalt.designladen.com\/?page_id=10127","title":{"rendered":"\u00bfC\u00f3mo trabajar con Aula en el aula?"},"content":{"rendered":"<h2><span style=\"color: #003366;\">5. \u00bfC\u00f3mo trabajar con <em>Aula<\/em> en el aula?<\/span><\/h2>\n<p>Para su utilizaci\u00f3n como apoyo a la ense\u00f1anza presencial, <em>Aula<\/em> ofrece diversas posibilidades que permiten romper la inercia de los recorridos did\u00e1cticos tradicionales y explorar nuevas pr\u00e1cticas en el aula.<\/p>\n<p>He aqu\u00ed algunas propuestas:<\/p>\n<ul style=\"list-style-type: circle;\">\n<li>Utilizar los <em>videotutoriales<\/em> de gram\u00e1tica para experimentar con el modelo de la <em>clase invertida<\/em> (<em>flipped classroom<\/em>). Este modelo se basa en una din\u00e1mica de aprendizaje por la que el alumno adquiere, de forma aut\u00f3noma, antes de su tratamiento en el grupo, conocimientos previos sobre el tema de estudio a trav\u00e9s de unidades de trabajo que ocurren fuera del aula (por ejemplo, por medio de tutoriales). Para fomentar la escucha activa durante la visualizaci\u00f3n individual, se le pedir\u00e1 al alumno rellenar un cuestionario de control. El tiempo de la clase se reservar\u00e1 para actividades interactivas y comunicativas, en las que el profesor asumir\u00e1 el papel de dinamizador o intervendr\u00e1 como gu\u00eda para resolver posibles dudas.\u00a0<\/li>\n<li>Utilizar las <em>fichas de gram\u00e1tica<\/em> para sistematizar o repasar contenidos gramaticales que se han aprendido de una forma inductiva y desvinculada, por ejemplo, a trav\u00e9s de la presentaci\u00f3n secuenciada que suele hacerse en los manuales de espa\u00f1ol como L2.<\/li>\n<li>Utilizar las <em>bater\u00edas de ejercicios gramaticales <\/em>fuera del aula durante la fase de ejercitaci\u00f3n, lo que posibilita la asimilaci\u00f3n y consolidaci\u00f3n de los contenidos te\u00f3ricos. El hecho de que el sistema proponga un <em>feedback<\/em> inmediato permite al alumno tomar conciencia de sus errores en fases iniciales y previene el riesgo de una posible fosilizaci\u00f3n de los fallos.<\/li>\n<li>Utilizar los <em>ejercicios de morfolog\u00eda verbal <\/em>para facilitar la adquisici\u00f3n de conocimentos sobre los aspectos formales de la lengua fuera del aula. Con ello se consigue responsabilizar al alumno de la asimilaci\u00f3n de contenidos cuya ejercitaci\u00f3n en la clase puede resultar mon\u00f3tona y poca motivadora.<\/li>\n<li>Utilizar el <em>m\u00f3dulo de fon\u00e9tica<\/em> para sensibilizar al estudiante sobre las peculiaridades fon\u00e9ticas del espa\u00f1ol (a trav\u00e9s de las fichas te\u00f3ricas) y para mejorar sus h\u00e1bitos articulatorios a trav\u00e9s del trabajo aut\u00f3nomo con material auditivo.<\/li>\n<\/ul>\n","protected":false},"excerpt":{"rendered":"<p>5. \u00bfC\u00f3mo trabajar con Aula en el aula? Para su utilizaci\u00f3n como apoyo a la ense\u00f1anza presencial, Aula ofrece diversas posibilidades que permiten romper la inercia de los recorridos did\u00e1cticos tradicionales y explorar nuevas pr\u00e1cticas en el aula. He aqu\u00ed<span class=\"ellipsis\">&hellip;<\/span><\/p>\n<div class=\"read-more\"><a href=\"https:\/\/aulaalt.designladen.com\/?page_id=10127\">Weiterlesen \u203a<\/a><\/div>\n<p><!-- end of .read-more --><\/p>\n","protected":false},"author":2,"featured_media":0,"parent":9826,"menu_order":4,"comment_status":"open","ping_status":"open","template":"unterseiten.php","meta":{"footnotes":""},"wf_page_folders":[],"class_list":["post-10127","page","type-page","status-publish","hentry"],"_links":{"self":[{"href":"https:\/\/aulaalt.designladen.com\/index.php?rest_route=\/wp\/v2\/pages\/10127","targetHints":{"allow":["GET"]}}],"collection":[{"href":"https:\/\/aulaalt.designladen.com\/index.php?rest_route=\/wp\/v2\/pages"}],"about":[{"href":"https:\/\/aulaalt.designladen.com\/index.php?rest_route=\/wp\/v2\/types\/page"}],"author":[{"embeddable":true,"href":"https:\/\/aulaalt.designladen.com\/index.php?rest_route=\/wp\/v2\/users\/2"}],"replies":[{"embeddable":true,"href":"https:\/\/aulaalt.designladen.com\/index.php?rest_route=%2Fwp%2Fv2%2Fcomments&post=10127"}],"version-history":[{"count":0,"href":"https:\/\/aulaalt.designladen.com\/index.php?rest_route=\/wp\/v2\/pages\/10127\/revisions"}],"up":[{"embeddable":true,"href":"https:\/\/aulaalt.designladen.com\/index.php?rest_route=\/wp\/v2\/pages\/9826"}],"wp:attachment":[{"href":"https:\/\/aulaalt.designladen.com\/index.php?rest_route=%2Fwp%2Fv2%2Fmedia&parent=10127"}],"wp:term":[{"taxonomy":"wf_page_folders","embeddable":true,"href":"https:\/\/aulaalt.designladen.com\/index.php?rest_route=%2Fwp%2Fv2%2Fwf_page_folders&post=10127"}],"curies":[{"name":"wp","href":"https:\/\/api.w.org\/{rel}","templated":true}]}}