{"id":10125,"date":"2017-11-02T16:36:23","date_gmt":"2017-11-02T14:36:23","guid":{"rendered":"http:\/\/www.aula.uni-saarland.de\/?page_id=10125"},"modified":"2017-11-02T16:36:23","modified_gmt":"2017-11-02T14:36:23","slug":"que-funcion-cumplen-los-videotutoriales","status":"publish","type":"page","link":"https:\/\/aulaalt.designladen.com\/?page_id=10125","title":{"rendered":"\u00bfQu\u00e9 funci\u00f3n cumplen los videotutoriales?"},"content":{"rendered":"<h2><span style=\"color: #003366;\">3. \u00bfQu\u00e9 funci\u00f3n cumplen los videotutoriales?<\/span><\/h2>\n<p>El objetivo de los videoturiales es optimizar los procesos de aprendizaje y experimentar con nuevas formas de acceso y procesamiento de la informaci\u00f3n.<\/p>\n<p>En estos v\u00eddeos se intenta explicar la gram\u00e1tica de una forma sencilla y motivadora a trav\u00e9s de <em>ejemplos protot\u00edpicos<\/em> que ilustran, en un nivel m\u00ednimo de abstracci\u00f3n, categor\u00edas m\u00e1s complejas fundamentales para entender un determinado fen\u00f3meno ling\u00fc\u00edstico. La adquisici\u00f3n de la gram\u00e1tica funcionar\u00e1 gracias al an\u00e1lisis de dichas im\u00e1genes elementales y a su asimilaci\u00f3n como representantes protot\u00edpicos de determinadas reglas.<\/p>\n<p>Por otro lado, siguiendo un principio de <em>refuerzo a trav\u00e9s del<\/em> <em>doble canal<\/em>, los mismos contenidos audiovisuales que desarrollan los tutoriales est\u00e1n recogidos de forma sint\u00e9tica y estructurada en un formato ficha. El recurso de utilizar el doble formato para la presentaci\u00f3n de la teor\u00eda hace m\u00e1s efectiva su sistematizaci\u00f3n y facilita los procesos de repaso.<\/p>\n","protected":false},"excerpt":{"rendered":"<p>3. \u00bfQu\u00e9 funci\u00f3n cumplen los videotutoriales? El objetivo de los videoturiales es optimizar los procesos de aprendizaje y experimentar con nuevas formas de acceso y procesamiento de la informaci\u00f3n. En estos v\u00eddeos se intenta explicar la gram\u00e1tica de una forma<span class=\"ellipsis\">&hellip;<\/span><\/p>\n<div class=\"read-more\"><a href=\"https:\/\/aulaalt.designladen.com\/?page_id=10125\">Weiterlesen \u203a<\/a><\/div>\n<p><!-- end of .read-more --><\/p>\n","protected":false},"author":2,"featured_media":0,"parent":9826,"menu_order":2,"comment_status":"open","ping_status":"open","template":"unterseiten.php","meta":{"footnotes":""},"wf_page_folders":[],"class_list":["post-10125","page","type-page","status-publish","hentry"],"_links":{"self":[{"href":"https:\/\/aulaalt.designladen.com\/index.php?rest_route=\/wp\/v2\/pages\/10125","targetHints":{"allow":["GET"]}}],"collection":[{"href":"https:\/\/aulaalt.designladen.com\/index.php?rest_route=\/wp\/v2\/pages"}],"about":[{"href":"https:\/\/aulaalt.designladen.com\/index.php?rest_route=\/wp\/v2\/types\/page"}],"author":[{"embeddable":true,"href":"https:\/\/aulaalt.designladen.com\/index.php?rest_route=\/wp\/v2\/users\/2"}],"replies":[{"embeddable":true,"href":"https:\/\/aulaalt.designladen.com\/index.php?rest_route=%2Fwp%2Fv2%2Fcomments&post=10125"}],"version-history":[{"count":0,"href":"https:\/\/aulaalt.designladen.com\/index.php?rest_route=\/wp\/v2\/pages\/10125\/revisions"}],"up":[{"embeddable":true,"href":"https:\/\/aulaalt.designladen.com\/index.php?rest_route=\/wp\/v2\/pages\/9826"}],"wp:attachment":[{"href":"https:\/\/aulaalt.designladen.com\/index.php?rest_route=%2Fwp%2Fv2%2Fmedia&parent=10125"}],"wp:term":[{"taxonomy":"wf_page_folders","embeddable":true,"href":"https:\/\/aulaalt.designladen.com\/index.php?rest_route=%2Fwp%2Fv2%2Fwf_page_folders&post=10125"}],"curies":[{"name":"wp","href":"https:\/\/api.w.org\/{rel}","templated":true}]}}