{"id":10007,"date":"2017-10-19T17:11:57","date_gmt":"2017-10-19T15:11:57","guid":{"rendered":"http:\/\/www.aula.uni-saarland.de\/?page_id=10007"},"modified":"2017-10-25T00:06:18","modified_gmt":"2017-10-24T22:06:18","slug":"konjugation-lernen","status":"publish","type":"page","link":"https:\/\/aulaalt.designladen.com\/?page_id=10007","title":{"rendered":"Arbeiten mit dem Modul Konjugation"},"content":{"rendered":"<h1>\u00a0<\/h1>\n<ul class=\"quieres\">\n<li><a href=\"#1\">Welche Inhalte gibt es?<\/a><\/li>\n<li><a href=\"#2\">Wie pr\u00e4gt man sich am besten die unregelm\u00e4\u00dfigen Verben ein?<\/a><\/li>\n<\/ul>\n<p><img decoding=\"async\" class=\"right-pic\" src=\"https:\/\/aulaalt.designladen.com\/wp-content\/uploads\/2017\/10\/img011115-2.jpg\" alt=\"\" \/><\/p>\n<h2 id=\"1\"><span style=\"color: #003366;\">1. Welche Inhalte gibt es?<\/span><\/h2>\n<p>In dem Modul <em>Konjugation<\/em> k\u00f6nnen alle Aspekte der Tempusbildung ge\u00fcbt werden.<\/p>\n<p class=\"centered\"><img decoding=\"async\" style=\"width: 75%;\" src=\"https:\/\/aulaalt.designladen.com\/wp-content\/uploads\/2017\/10\/xxxxxxx-2.png\" alt=\"\" \/><\/p>\n<p>Die Ordner mit den \u00dcbungen dienen dazu, die Morphologie der Verben zu \u00fcben. So kann \u00fcberpr\u00fcft werden, ob man die Konjugationen der verschiedenen Zeitformen beherrscht.<\/p>\n<p>Im Bereich <em>Verbtabelle <\/em>wird systematisch die Konjugation der regelm\u00e4\u00dfigen Verben vorgestellt, sowie eine Zusammenfassung der Hauptkategorien, in denen die unregelm\u00e4\u00dfigen Verben gegliedert werden.<\/p>\n<p class=\"centered\"><img decoding=\"async\" style=\"widht: 83%;\" src=\"https:\/\/aulaalt.designladen.com\/wp-content\/uploads\/2017\/10\/ddddd-2.png\" alt=\"\" \/><\/p>\n<h2 id=\"2\"><span style=\"color: #003366;\">2. <strong>Wie pr\u00e4gt man sich am besten die unregelm\u00e4\u00dfigen Verben ein<\/strong>?<\/span><\/h2>\n<p>Eine grunds\u00e4tzliche Schwierigkeit, die das Lernen der Morphologie der Verben im Spanischen mit sich bringt, ist die gro\u00dfe Menge unregelm\u00e4\u00dfiger Verben. Um sich mit ihnen vertraut zu machen, bedarf es vor allem Geduld.<\/p>\n<p>Der erste Schritt beim Lernen der unregelm\u00e4\u00dfigen Verben sollte es sein, die Verben den gro\u00dfen Kategorien zuordnen zu k\u00f6nnen. Grunds\u00e4tzlich kann zwischen drei Gruppen unterschieden werden:<\/p>\n<ul>\n<li>Verben mit <em>systematischer Unregelm\u00e4\u00dfigkeit<\/em><\/li>\n<li>Verben mit <em>orthografischer Unregelm\u00e4\u00dfigkeit<\/em><\/li>\n<li>Verben mit eigener <em>Unregelm\u00e4\u00dfigkeit<\/em><\/li>\n<\/ul>\n<p>Hier ist eine \u00dcbersicht der Kategorisierung der Verben mit <em>systematischer Unregelm\u00e4\u00dfigkeit<\/em>:<\/p>\n<p class=\"centered\"><img decoding=\"async\" style=\"width: 77%;\" src=\"https:\/\/aulaalt.designladen.com\/wp-content\/uploads\/2017\/10\/ddddww-2.png\" alt=\"\" \/><\/p>\n<p>Um die unregelm\u00e4\u00dfigen Verben zu lernen, ist es empfehlenswert, f\u00fcr jede Kategorie ein Musterverb mit seinen Hauptunregelm\u00e4\u00dfigkeiten zu lernen. Auf diese Weise k\u00f6nnen Sie die Unregelm\u00e4\u00dfigkeiten analog auf die anderen Verben dieser Gruppe \u00fcbertragen.<\/p>\n<p>Dieses Prinzip soll anhand eines Beispiels verdeutlicht werden: Wenn man wei\u00df, wie das Musterverb <em>construir<\/em> (insbesondere seine Unregelm\u00e4\u00dfigkeiten) konjugiert wird, k\u00f6nnen die Besonderheiten des Verbs auf alle anderen Verben derselben Gruppe (wie&#8220;influir&#8220;, &#8222;contribuir&#8220;, &#8222;distribuir&#8220;, &#8222;disminuir&#8220;, etc.) \u00fcbertragen werden.<\/p>\n<p class=\"centered\"><img decoding=\"async\" style=\"width: 78%;\" src=\"https:\/\/aulaalt.designladen.com\/wp-content\/uploads\/2016\/02\/UIR.png\" alt=\"\" \/><\/p>\n","protected":false},"excerpt":{"rendered":"<p>\u00a0 Welche Inhalte gibt es? Wie pr\u00e4gt man sich am besten die unregelm\u00e4\u00dfigen Verben ein? 1. Welche Inhalte gibt es? In dem Modul Konjugation k\u00f6nnen alle Aspekte der Tempusbildung ge\u00fcbt werden. Die Ordner mit den \u00dcbungen dienen dazu, die Morphologie<span class=\"ellipsis\">&hellip;<\/span><\/p>\n<div class=\"read-more\"><a href=\"https:\/\/aulaalt.designladen.com\/?page_id=10007\">Weiterlesen \u203a<\/a><\/div>\n<p><!-- end of .read-more --><\/p>\n","protected":false},"author":2,"featured_media":0,"parent":9952,"menu_order":2,"comment_status":"open","ping_status":"open","template":"unterseiten.php","meta":{"footnotes":""},"wf_page_folders":[],"class_list":["post-10007","page","type-page","status-publish","hentry"],"_links":{"self":[{"href":"https:\/\/aulaalt.designladen.com\/index.php?rest_route=\/wp\/v2\/pages\/10007","targetHints":{"allow":["GET"]}}],"collection":[{"href":"https:\/\/aulaalt.designladen.com\/index.php?rest_route=\/wp\/v2\/pages"}],"about":[{"href":"https:\/\/aulaalt.designladen.com\/index.php?rest_route=\/wp\/v2\/types\/page"}],"author":[{"embeddable":true,"href":"https:\/\/aulaalt.designladen.com\/index.php?rest_route=\/wp\/v2\/users\/2"}],"replies":[{"embeddable":true,"href":"https:\/\/aulaalt.designladen.com\/index.php?rest_route=%2Fwp%2Fv2%2Fcomments&post=10007"}],"version-history":[{"count":0,"href":"https:\/\/aulaalt.designladen.com\/index.php?rest_route=\/wp\/v2\/pages\/10007\/revisions"}],"up":[{"embeddable":true,"href":"https:\/\/aulaalt.designladen.com\/index.php?rest_route=\/wp\/v2\/pages\/9952"}],"wp:attachment":[{"href":"https:\/\/aulaalt.designladen.com\/index.php?rest_route=%2Fwp%2Fv2%2Fmedia&parent=10007"}],"wp:term":[{"taxonomy":"wf_page_folders","embeddable":true,"href":"https:\/\/aulaalt.designladen.com\/index.php?rest_route=%2Fwp%2Fv2%2Fwf_page_folders&post=10007"}],"curies":[{"name":"wp","href":"https:\/\/api.w.org\/{rel}","templated":true}]}}